{"id":1878,"date":"2022-07-29T08:41:45","date_gmt":"2022-07-29T08:41:45","guid":{"rendered":"https:\/\/studio321.sk\/sluzby\/"},"modified":"2026-01-21T17:25:40","modified_gmt":"2026-01-21T16:25:40","slug":"sluzby","status":"publish","type":"page","link":"https:\/\/studio321.sk\/sk\/sluzby\/","title":{"rendered":"Slu\u017eby"},"content":{"rendered":"\t\t<div data-elementor-type=\"wp-page\" data-elementor-id=\"1878\" class=\"elementor elementor-1878 elementor-367\" data-elementor-post-type=\"page\">\n\t\t\t\t\t\t<section class=\"elementor-section elementor-top-section elementor-element elementor-element-2756f9f2 elementor-section-full_width qodef-elementor-content-grid elementor-section-height-default elementor-section-height-default\" data-id=\"2756f9f2\" data-element_type=\"section\">\n\t\t\t\t\t\t<div class=\"elementor-container elementor-column-gap-default\">\n\t\t\t\t\t<div class=\"elementor-column elementor-col-100 elementor-top-column elementor-element elementor-element-246877ed\" data-id=\"246877ed\" data-element_type=\"column\">\n\t\t\t<div class=\"elementor-widget-wrap elementor-element-populated\">\n\t\t\t\t\t\t<div class=\"elementor-element elementor-element-01292bd elementor-widget elementor-widget-qi_addons_for_elementor_section_title\" data-id=\"01292bd\" data-element_type=\"widget\" data-widget_type=\"qi_addons_for_elementor_section_title.default\">\n\t\t\t\t<div class=\"elementor-widget-container\">\n\t\t\t\t\t<div class=\"qodef-shortcode qodef-m qodef-qi-section-title qodef-decoration--italic qodef-link--underline-draw qodef-subtitle-icon--left\">\n\t\t\t\t<h6 class=\"qodef-m-subtitle\">\n\t\tNa\u0161e slu\u017eby \t\t\t<\/h6>\n\t\t\t<h1 class=\"qodef-m-title\">\n\t\tPrisp\u00f4soben\u00e9 va\u0161im predstav\u00e1m\t<\/h1>\n\t\t\t<\/div>\n\t\t\t\t<\/div>\n\t\t\t\t<\/div>\n\t\t\t\t<section class=\"elementor-section elementor-inner-section elementor-element elementor-element-55f65625 elementor-section-full_width elementor-section-height-min-height elementor-section-height-default qodef-elementor-content-no\" data-id=\"55f65625\" data-element_type=\"section\">\n\t\t\t\t\t\t<div class=\"elementor-container elementor-column-gap-default\">\n\t\t\t\t\t<div class=\"elementor-column elementor-col-50 elementor-inner-column elementor-element elementor-element-7810bdc2\" data-id=\"7810bdc2\" data-element_type=\"column\" data-settings=\"{&quot;background_background&quot;:&quot;classic&quot;}\">\n\t\t\t<div class=\"elementor-widget-wrap elementor-element-populated\">\n\t\t\t\t\t<div class=\"elementor-background-overlay\"><\/div>\n\t\t\t\t\t\t<div class=\"elementor-element elementor-element-a8158b3 elementor-widget elementor-widget-text-editor\" data-id=\"a8158b3\" data-element_type=\"widget\" data-widget_type=\"text-editor.default\">\n\t\t\t\t<div class=\"elementor-widget-container\">\n\t\t\t\t\t\t\t\t\t<h6>Foto a video<\/h6>\t\t\t\t\t\t\t\t<\/div>\n\t\t\t\t<\/div>\n\t\t\t\t<div class=\"elementor-element elementor-element-580dfe2 elementor-widget elementor-widget-heading\" data-id=\"580dfe2\" data-element_type=\"widget\" data-widget_type=\"heading.default\">\n\t\t\t\t<div class=\"elementor-widget-container\">\n\t\t\t\t\t<h2 class=\"elementor-heading-title elementor-size-default\"><a href=\"https:\/\/studio321.sk\/sk\/sluzby\/studio-na-prenajom\/\">\u0160t\u00fadio na pren\u00e1jom<\/a><\/h2>\t\t\t\t<\/div>\n\t\t\t\t<\/div>\n\t\t\t\t<div class=\"elementor-element elementor-element-0d2be73 elementor-widget__width-auto elementor-absolute elementor-widget elementor-widget-qi_addons_for_elementor_button\" data-id=\"0d2be73\" data-element_type=\"widget\" data-settings=\"{&quot;_position&quot;:&quot;absolute&quot;}\" data-widget_type=\"qi_addons_for_elementor_button.default\">\n\t\t\t\t<div class=\"elementor-widget-container\">\n\t\t\t\t\t<a class=\"qodef-shortcode qodef-m qodef-qi-button qodef-html--link qodef-layout--textual qodef-icon--right qodef-hover--icon-move-vertical\" href=\"\/sk\/sluzby\/studio-na-prenajom\/\" target=\"_self\">\n\t<span class=\"qodef-m-text\">Viac inform\u00e1ci\u00ed a ceny<\/span>\n\t\t<span class=\"qodef-m-icon\">\n\t\t<span class=\"qodef-m-icon-inner\">\n\t\t\t<svg xmlns=\"http:\/\/www.w3.org\/2000\/svg\" xmlns:xlink=\"http:\/\/www.w3.org\/1999\/xlink\" x=\"0px\" y=\"0px\" viewBox=\"0 0 17 17\" style=\"stroke: transparent;\" xml:space=\"preserve\"><g><rect y=\"8\" width=\"17\" height=\"1\"><\/rect><\/g><g><rect x=\"8\" width=\"1\" height=\"17\"><\/rect><\/g><\/svg>\t\t\t\t\t\t\t<svg xmlns=\"http:\/\/www.w3.org\/2000\/svg\" xmlns:xlink=\"http:\/\/www.w3.org\/1999\/xlink\" x=\"0px\" y=\"0px\" viewBox=\"0 0 17 17\" style=\"stroke: transparent;\" xml:space=\"preserve\"><g><rect y=\"8\" width=\"17\" height=\"1\"><\/rect><\/g><g><rect x=\"8\" width=\"1\" height=\"17\"><\/rect><\/g><\/svg>\t\t\t\t\t<\/span>\n\t<\/span>\n<\/a>\n\t\t\t\t<\/div>\n\t\t\t\t<\/div>\n\t\t\t\t\t<\/div>\n\t\t<\/div>\n\t\t\t\t<div class=\"elementor-column elementor-col-50 elementor-inner-column elementor-element elementor-element-5791df8b\" data-id=\"5791df8b\" data-element_type=\"column\" data-settings=\"{&quot;background_background&quot;:&quot;classic&quot;}\">\n\t\t\t<div class=\"elementor-widget-wrap elementor-element-populated\">\n\t\t\t\t\t<div class=\"elementor-background-overlay\"><\/div>\n\t\t\t\t\t\t<div class=\"elementor-element elementor-element-5e68c0f elementor-widget elementor-widget-text-editor\" data-id=\"5e68c0f\" data-element_type=\"widget\" data-widget_type=\"text-editor.default\">\n\t\t\t\t<div class=\"elementor-widget-container\">\n\t\t\t\t\t\t\t\t\t<h6>workshop \u2022 predn\u00e1\u0161ky \u2022 meeting<\/h6>\t\t\t\t\t\t\t\t<\/div>\n\t\t\t\t<\/div>\n\t\t\t\t<div class=\"elementor-element elementor-element-4444560 elementor-widget elementor-widget-heading\" data-id=\"4444560\" data-element_type=\"widget\" data-widget_type=\"heading.default\">\n\t\t\t\t<div class=\"elementor-widget-container\">\n\t\t\t\t\t<h2 class=\"elementor-heading-title elementor-size-default\"><a href=\"https:\/\/studio321.sk\/sk\/sluzby\/prenajom-priestoru\/\">Pren\u00e1jom priestoru<\/a><\/h2>\t\t\t\t<\/div>\n\t\t\t\t<\/div>\n\t\t\t\t<div class=\"elementor-element elementor-element-608e99f elementor-widget__width-auto elementor-absolute elementor-widget elementor-widget-qi_addons_for_elementor_button\" data-id=\"608e99f\" data-element_type=\"widget\" data-settings=\"{&quot;_position&quot;:&quot;absolute&quot;}\" data-widget_type=\"qi_addons_for_elementor_button.default\">\n\t\t\t\t<div class=\"elementor-widget-container\">\n\t\t\t\t\t<a class=\"qodef-shortcode qodef-m qodef-qi-button qodef-html--link qodef-layout--textual qodef-icon--right qodef-hover--icon-move-vertical\" href=\"\/sk\/sluzby\/prenajom-priestoru\/\" target=\"_self\">\n\t<span class=\"qodef-m-text\">Viac inform\u00e1ci\u00ed a ceny<\/span>\n\t\t<span class=\"qodef-m-icon\">\n\t\t<span class=\"qodef-m-icon-inner\">\n\t\t\t<svg xmlns=\"http:\/\/www.w3.org\/2000\/svg\" xmlns:xlink=\"http:\/\/www.w3.org\/1999\/xlink\" x=\"0px\" y=\"0px\" viewBox=\"0 0 17 17\" style=\"stroke: transparent;\" xml:space=\"preserve\"><g><rect y=\"8\" width=\"17\" height=\"1\"><\/rect><\/g><g><rect x=\"8\" width=\"1\" height=\"17\"><\/rect><\/g><\/svg>\t\t\t\t\t\t\t<svg xmlns=\"http:\/\/www.w3.org\/2000\/svg\" xmlns:xlink=\"http:\/\/www.w3.org\/1999\/xlink\" x=\"0px\" y=\"0px\" viewBox=\"0 0 17 17\" style=\"stroke: transparent;\" xml:space=\"preserve\"><g><rect y=\"8\" width=\"17\" height=\"1\"><\/rect><\/g><g><rect x=\"8\" width=\"1\" height=\"17\"><\/rect><\/g><\/svg>\t\t\t\t\t<\/span>\n\t<\/span>\n<\/a>\n\t\t\t\t<\/div>\n\t\t\t\t<\/div>\n\t\t\t\t\t<\/div>\n\t\t<\/div>\n\t\t\t\t\t<\/div>\n\t\t<\/section>\n\t\t\t\t\t<\/div>\n\t\t<\/div>\n\t\t\t\t\t<\/div>\n\t\t<\/section>\n\t\t\t\t<\/div>\n\t\t","protected":false},"excerpt":{"rendered":"<p>Na\u0161e slu\u017eby Prisp\u00f4soben\u00e9 va\u0161im predstav\u00e1m Foto a video \u0160t\u00fadio na pren\u00e1jom Viac inform\u00e1ci\u00ed a ceny workshop \u2022 predn\u00e1\u0161ky \u2022 meeting Pren\u00e1jom priestoru Viac inform\u00e1ci\u00ed a ceny<\/p>\n","protected":false},"author":1,"featured_media":0,"parent":0,"menu_order":0,"comment_status":"closed","ping_status":"closed","template":"qi-full-width.php","meta":{"_acf_changed":false,"footnotes":""},"class_list":["post-1878","page","type-page","status-publish","hentry"],"acf":[],"yoast_head":"<!-- This site is optimized with the Yoast SEO plugin v27.5 - https:\/\/yoast.com\/product\/yoast-seo-wordpress\/ -->\n<title>Slu\u017eby<\/title>\n<meta name=\"description\" content=\"Modul\u00e1rna s\u00e1la a foto \u0161t\u00fadio \u0160t\u00fadio321 zabezpe\u010duje univerz\u00e1lny priestor pre fotenia, workshopy, dizajn\u00e9rske predn\u00e1\u0161ky alebo in\u00e9 podujatia\" \/>\n<meta name=\"robots\" content=\"index, follow, max-snippet:-1, max-image-preview:large, max-video-preview:-1\" \/>\n<link rel=\"canonical\" href=\"https:\/\/studio321.sk\/sk\/sluzby\/\" \/>\n<meta property=\"og:locale\" content=\"sk_SK\" \/>\n<meta property=\"og:type\" content=\"article\" \/>\n<meta property=\"og:title\" content=\"Slu\u017eby\" \/>\n<meta property=\"og:description\" content=\"Modul\u00e1rna s\u00e1la a foto \u0161t\u00fadio \u0160t\u00fadio321 zabezpe\u010duje univerz\u00e1lny priestor pre fotenia, workshopy, dizajn\u00e9rske predn\u00e1\u0161ky alebo in\u00e9 podujatia\" \/>\n<meta property=\"og:url\" content=\"https:\/\/studio321.sk\/sk\/sluzby\/\" \/>\n<meta property=\"og:site_name\" content=\"Studio321 - Event &amp; Photo Studio\" \/>\n<meta property=\"article:publisher\" content=\"https:\/\/www.facebook.com\/studio321.sk\" \/>\n<meta property=\"article:modified_time\" content=\"2026-01-21T16:25:40+00:00\" \/>\n<meta property=\"og:image\" content=\"https:\/\/studio321.sk\/wp-content\/uploads\/2022\/05\/studio321-rolunk_01.jpg\" \/>\n\t<meta property=\"og:image:width\" content=\"1807\" \/>\n\t<meta property=\"og:image:height\" content=\"924\" \/>\n\t<meta property=\"og:image:type\" content=\"image\/jpeg\" \/>\n<meta name=\"twitter:card\" content=\"summary_large_image\" \/>\n<script type=\"application\/ld+json\" class=\"yoast-schema-graph\">{\"@context\":\"https:\\\/\\\/schema.org\",\"@graph\":[{\"@type\":\"WebPage\",\"@id\":\"https:\\\/\\\/studio321.sk\\\/sk\\\/sluzby\\\/\",\"url\":\"https:\\\/\\\/studio321.sk\\\/sk\\\/sluzby\\\/\",\"name\":\"Slu\u017eby\",\"isPartOf\":{\"@id\":\"https:\\\/\\\/studio321.sk\\\/sk\\\/#website\"},\"datePublished\":\"2022-07-29T08:41:45+00:00\",\"dateModified\":\"2026-01-21T16:25:40+00:00\",\"description\":\"Modul\u00e1rna s\u00e1la a foto \u0161t\u00fadio \u0160t\u00fadio321 zabezpe\u010duje univerz\u00e1lny priestor pre fotenia, workshopy, dizajn\u00e9rske predn\u00e1\u0161ky alebo in\u00e9 podujatia\",\"breadcrumb\":{\"@id\":\"https:\\\/\\\/studio321.sk\\\/sk\\\/sluzby\\\/#breadcrumb\"},\"inLanguage\":\"sk-SK\",\"potentialAction\":[{\"@type\":\"ReadAction\",\"target\":[\"https:\\\/\\\/studio321.sk\\\/sk\\\/sluzby\\\/\"]}]},{\"@type\":\"BreadcrumbList\",\"@id\":\"https:\\\/\\\/studio321.sk\\\/sk\\\/sluzby\\\/#breadcrumb\",\"itemListElement\":[{\"@type\":\"ListItem\",\"position\":1,\"name\":\"\u00davod\",\"item\":\"https:\\\/\\\/studio321.sk\\\/sk\\\/\"},{\"@type\":\"ListItem\",\"position\":2,\"name\":\"Slu\u017eby\"}]},{\"@type\":\"WebSite\",\"@id\":\"https:\\\/\\\/studio321.sk\\\/sk\\\/#website\",\"url\":\"https:\\\/\\\/studio321.sk\\\/sk\\\/\",\"name\":\"Studio321 - Event & Photo Studio\",\"description\":\"B\u00e9relhet\u0151 m\u0171terem \u00e9s rendezv\u00e9nyhelysz\u00edn\",\"publisher\":{\"@id\":\"https:\\\/\\\/studio321.sk\\\/sk\\\/#organization\"},\"alternateName\":\"Fot\u00f3 st\u00fadi\u00f3 \u00e9s rendezv\u00e9nyhelysz\u00edn\",\"potentialAction\":[{\"@type\":\"SearchAction\",\"target\":{\"@type\":\"EntryPoint\",\"urlTemplate\":\"https:\\\/\\\/studio321.sk\\\/sk\\\/?s={search_term_string}\"},\"query-input\":{\"@type\":\"PropertyValueSpecification\",\"valueRequired\":true,\"valueName\":\"search_term_string\"}}],\"inLanguage\":\"sk-SK\"},{\"@type\":\"Organization\",\"@id\":\"https:\\\/\\\/studio321.sk\\\/sk\\\/#organization\",\"name\":\"Studio321 - Event & Photo\",\"alternateName\":\"Fot\u00f3 st\u00fadi\u00f3 \u00e9s rendezv\u00e9nyhelysz\u00edn\",\"url\":\"https:\\\/\\\/studio321.sk\\\/sk\\\/\",\"logo\":{\"@type\":\"ImageObject\",\"inLanguage\":\"sk-SK\",\"@id\":\"https:\\\/\\\/studio321.sk\\\/sk\\\/#\\\/schema\\\/logo\\\/image\\\/\",\"url\":\"https:\\\/\\\/studio321.sk\\\/wp-content\\\/uploads\\\/2023\\\/04\\\/studio_321_logo-simple_mini.png\",\"contentUrl\":\"https:\\\/\\\/studio321.sk\\\/wp-content\\\/uploads\\\/2023\\\/04\\\/studio_321_logo-simple_mini.png\",\"width\":126,\"height\":60,\"caption\":\"Studio321 - Event & Photo\"},\"image\":{\"@id\":\"https:\\\/\\\/studio321.sk\\\/sk\\\/#\\\/schema\\\/logo\\\/image\\\/\"},\"sameAs\":[\"https:\\\/\\\/www.facebook.com\\\/studio321.sk\",\"https:\\\/\\\/www.instagram.com\\\/studi321.sk\"]}]}<\/script>\n<!-- \/ Yoast SEO plugin. -->","yoast_head_json":{"title":"Slu\u017eby","description":"Modul\u00e1rna s\u00e1la a foto \u0161t\u00fadio \u0160t\u00fadio321 zabezpe\u010duje univerz\u00e1lny priestor pre fotenia, workshopy, dizajn\u00e9rske predn\u00e1\u0161ky alebo in\u00e9 podujatia","robots":{"index":"index","follow":"follow","max-snippet":"max-snippet:-1","max-image-preview":"max-image-preview:large","max-video-preview":"max-video-preview:-1"},"canonical":"https:\/\/studio321.sk\/sk\/sluzby\/","og_locale":"sk_SK","og_type":"article","og_title":"Slu\u017eby","og_description":"Modul\u00e1rna s\u00e1la a foto \u0161t\u00fadio \u0160t\u00fadio321 zabezpe\u010duje univerz\u00e1lny priestor pre fotenia, workshopy, dizajn\u00e9rske predn\u00e1\u0161ky alebo in\u00e9 podujatia","og_url":"https:\/\/studio321.sk\/sk\/sluzby\/","og_site_name":"Studio321 - Event & Photo Studio","article_publisher":"https:\/\/www.facebook.com\/studio321.sk","article_modified_time":"2026-01-21T16:25:40+00:00","og_image":[{"width":1807,"height":924,"url":"https:\/\/studio321.sk\/wp-content\/uploads\/2022\/05\/studio321-rolunk_01.jpg","type":"image\/jpeg"}],"twitter_card":"summary_large_image","schema":{"@context":"https:\/\/schema.org","@graph":[{"@type":"WebPage","@id":"https:\/\/studio321.sk\/sk\/sluzby\/","url":"https:\/\/studio321.sk\/sk\/sluzby\/","name":"Slu\u017eby","isPartOf":{"@id":"https:\/\/studio321.sk\/sk\/#website"},"datePublished":"2022-07-29T08:41:45+00:00","dateModified":"2026-01-21T16:25:40+00:00","description":"Modul\u00e1rna s\u00e1la a foto \u0161t\u00fadio \u0160t\u00fadio321 zabezpe\u010duje univerz\u00e1lny priestor pre fotenia, workshopy, dizajn\u00e9rske predn\u00e1\u0161ky alebo in\u00e9 podujatia","breadcrumb":{"@id":"https:\/\/studio321.sk\/sk\/sluzby\/#breadcrumb"},"inLanguage":"sk-SK","potentialAction":[{"@type":"ReadAction","target":["https:\/\/studio321.sk\/sk\/sluzby\/"]}]},{"@type":"BreadcrumbList","@id":"https:\/\/studio321.sk\/sk\/sluzby\/#breadcrumb","itemListElement":[{"@type":"ListItem","position":1,"name":"\u00davod","item":"https:\/\/studio321.sk\/sk\/"},{"@type":"ListItem","position":2,"name":"Slu\u017eby"}]},{"@type":"WebSite","@id":"https:\/\/studio321.sk\/sk\/#website","url":"https:\/\/studio321.sk\/sk\/","name":"Studio321 - Event & Photo Studio","description":"B\u00e9relhet\u0151 m\u0171terem \u00e9s rendezv\u00e9nyhelysz\u00edn","publisher":{"@id":"https:\/\/studio321.sk\/sk\/#organization"},"alternateName":"Fot\u00f3 st\u00fadi\u00f3 \u00e9s rendezv\u00e9nyhelysz\u00edn","potentialAction":[{"@type":"SearchAction","target":{"@type":"EntryPoint","urlTemplate":"https:\/\/studio321.sk\/sk\/?s={search_term_string}"},"query-input":{"@type":"PropertyValueSpecification","valueRequired":true,"valueName":"search_term_string"}}],"inLanguage":"sk-SK"},{"@type":"Organization","@id":"https:\/\/studio321.sk\/sk\/#organization","name":"Studio321 - Event & Photo","alternateName":"Fot\u00f3 st\u00fadi\u00f3 \u00e9s rendezv\u00e9nyhelysz\u00edn","url":"https:\/\/studio321.sk\/sk\/","logo":{"@type":"ImageObject","inLanguage":"sk-SK","@id":"https:\/\/studio321.sk\/sk\/#\/schema\/logo\/image\/","url":"https:\/\/studio321.sk\/wp-content\/uploads\/2023\/04\/studio_321_logo-simple_mini.png","contentUrl":"https:\/\/studio321.sk\/wp-content\/uploads\/2023\/04\/studio_321_logo-simple_mini.png","width":126,"height":60,"caption":"Studio321 - Event & Photo"},"image":{"@id":"https:\/\/studio321.sk\/sk\/#\/schema\/logo\/image\/"},"sameAs":["https:\/\/www.facebook.com\/studio321.sk","https:\/\/www.instagram.com\/studi321.sk"]}]}},"_links":{"self":[{"href":"https:\/\/studio321.sk\/sk\/wp-json\/wp\/v2\/pages\/1878","targetHints":{"allow":["GET"]}}],"collection":[{"href":"https:\/\/studio321.sk\/sk\/wp-json\/wp\/v2\/pages"}],"about":[{"href":"https:\/\/studio321.sk\/sk\/wp-json\/wp\/v2\/types\/page"}],"author":[{"embeddable":true,"href":"https:\/\/studio321.sk\/sk\/wp-json\/wp\/v2\/users\/1"}],"replies":[{"embeddable":true,"href":"https:\/\/studio321.sk\/sk\/wp-json\/wp\/v2\/comments?post=1878"}],"version-history":[{"count":2,"href":"https:\/\/studio321.sk\/sk\/wp-json\/wp\/v2\/pages\/1878\/revisions"}],"predecessor-version":[{"id":4000,"href":"https:\/\/studio321.sk\/sk\/wp-json\/wp\/v2\/pages\/1878\/revisions\/4000"}],"wp:attachment":[{"href":"https:\/\/studio321.sk\/sk\/wp-json\/wp\/v2\/media?parent=1878"}],"curies":[{"name":"wp","href":"https:\/\/api.w.org\/{rel}","templated":true}]}}